{"id":29,"date":"2024-11-16T23:20:16","date_gmt":"2024-11-16T22:20:16","guid":{"rendered":"https:\/\/rather-depot.de\/?page_id=29"},"modified":"2024-11-20T07:49:51","modified_gmt":"2024-11-20T06:49:51","slug":"startseite","status":"publish","type":"page","link":"https:\/\/rather-depot.de\/","title":{"rendered":"workspace &#038; storage"},"content":{"rendered":"\n<p><strong>Willkommen auf Rather-Depot.de<\/strong><\/p>\n\n\n\n<div style=\"height:13px\" aria-hidden=\"true\" class=\"wp-block-spacer\"><\/div>\n\n\n\n<div class=\"wp-block-columns is-layout-flex wp-container-core-columns-is-layout-28f84493 wp-block-columns-is-layout-flex\">\n<div class=\"wp-block-column is-layout-flow wp-block-column-is-layout-flow\" style=\"flex-basis:33.33%\">\n<p>Wir freuen uns, Ihnen unser neuestes Projekt: &#8222;Rather Depot&#8220; im Herzen von D\u00fcsseldorf \/ Rath vorzustellen.<\/p>\n<\/div>\n\n\n\n<div class=\"wp-block-column is-layout-flow wp-block-column-is-layout-flow\" style=\"flex-basis:66.66%\">\n<figure class=\"wp-block-image size-full\"><img loading=\"lazy\" decoding=\"async\" width=\"829\" height=\"469\" src=\"https:\/\/rather-depot.de\/wp-content\/uploads\/2024\/11\/Hallen-Zeichnung-1.jpg\" alt=\"\" class=\"wp-image-73\" srcset=\"https:\/\/rather-depot.de\/wp-content\/uploads\/2024\/11\/Hallen-Zeichnung-1.jpg 829w, https:\/\/rather-depot.de\/wp-content\/uploads\/2024\/11\/Hallen-Zeichnung-1-300x170.jpg 300w, https:\/\/rather-depot.de\/wp-content\/uploads\/2024\/11\/Hallen-Zeichnung-1-768x434.jpg 768w\" sizes=\"auto, (max-width: 829px) 100vw, 829px\" \/><\/figure>\n<\/div>\n<\/div>\n\n\n\n<p>Der Name <strong>&#8222;Rather-Depot.de&#8220;<\/strong> leitet sich von der Lage des Grundst\u00fccks am Rather Broich in D\u00fcsseldorf ab. Auf einem 3.200 Quadratmeter gro\u00dfen Gewerbegrundst\u00fcck entstehen moderne Gewerbehallen.<\/p>\n\n\n\n<p>1.172 qm <strong>Workspace &amp; Storage<\/strong> verteilt auf <strong>11<\/strong> moderne Hallen mit Gr\u00f6\u00dfen zwischen 96 -142 qm die sowohl gemietet als auch gekauft werden k\u00f6nnen.<\/p>\n\n\n\n<p>Diese Hallen sind ideal f\u00fcr Unternehmen, die funktionale und hochwertige Gewerbefl\u00e4chen in einer Gr\u00f6\u00dfenordnung von etwa 100 Quadratmetern ben\u00f6tigen.<\/p>\n\n\n\n<h4 class=\"wp-block-heading\">Unsere Gewerbehallen:<\/h4>\n\n\n\n<figure class=\"wp-block-image size-full\"><img loading=\"lazy\" decoding=\"async\" width=\"974\" height=\"692\" src=\"https:\/\/rather-depot.de\/wp-content\/uploads\/2024\/11\/Plan.jpg\" alt=\"\" class=\"wp-image-65\" srcset=\"https:\/\/rather-depot.de\/wp-content\/uploads\/2024\/11\/Plan.jpg 974w, https:\/\/rather-depot.de\/wp-content\/uploads\/2024\/11\/Plan-300x213.jpg 300w, https:\/\/rather-depot.de\/wp-content\/uploads\/2024\/11\/Plan-768x546.jpg 768w\" sizes=\"auto, (max-width: 974px) 100vw, 974px\" \/><\/figure>\n\n\n\n<ul class=\"wp-block-list\">\n<li><strong>Hallen Bruttofl\u00e4chen 1.172 qm &amp; 17 Parkfl\u00e4chen<\/strong><\/li>\n<\/ul>\n\n\n\n<div style=\"height:14px\" aria-hidden=\"true\" class=\"wp-block-spacer\"><\/div>\n\n\n\n<ul class=\"wp-block-list\">\n<li><strong>Moderne Ausstattung<\/strong>: Jede Halle verf\u00fcgt \u00fcber einen eigenen Starkstromanschluss, eine WC-Anlage, gro\u00dfe Dachluken\/Lichtb\u00e4nder in der Decke und ein gro\u00dfes sektionales Rolltor mit einer H\u00f6he von 4,50 Metern und einer Breite von 3,50 Metern.<\/li>\n\n\n\n<li><strong>Hallenh\u00f6he  Einheit 1:<\/strong>   6 Meter<\/li>\n\n\n\n<li>Einheit 1 = 96 m\u00b2<\/li>\n\n\n\n<li>Einheit 2 = 104m\u00b2<\/li>\n\n\n\n<li>Einheit 3 = 104m\u00b2<\/li>\n\n\n\n<li>Einheit 4 = 104m\u00b2<\/li>\n\n\n\n<li>Einheit 5 = 110m\u00b2<\/li>\n\n\n\n<li><strong>Hallenh\u00f6he  Einheit 2:<\/strong>   6 Meter<\/li>\n\n\n\n<li>Einheit 6=110m\u00b2<\/li>\n\n\n\n<li>Einheit 7=104m\u00b2<\/li>\n\n\n\n<li>Einheit 8=142m\u00b2<\/li>\n\n\n\n<li>Einheit 9=102m\u00b2<\/li>\n\n\n\n<li>Einheit 10=104m\u00b2<\/li>\n\n\n\n<li>Einheit 11=92m\u00b2<\/li>\n\n\n\n<li><strong>Flexibilit\u00e4t<\/strong>: Es besteht die M\u00f6glichkeit, <strong>Hochregale<\/strong> oder eine <strong>Hochebene<\/strong> in die Halle einzubauen, um den Raum optimal zu nutzen.<\/li>\n\n\n\n<li><strong>Verf\u00fcgbarkeit<\/strong>: Gewerbehallen k\u00f6nnen <strong>gemietet<\/strong> oder <strong>gekauft<\/strong> werden.<\/li>\n<\/ul>\n\n\n\n<figure class=\"wp-block-image size-full is-resized\"><img loading=\"lazy\" decoding=\"async\" width=\"480\" height=\"270\" src=\"https:\/\/rather-depot.de\/wp-content\/uploads\/2024\/11\/Halle-in-Bau-1.jpg\" alt=\"Halle in Bau\" class=\"wp-image-28\" style=\"width:688px;height:auto\" srcset=\"https:\/\/rather-depot.de\/wp-content\/uploads\/2024\/11\/Halle-in-Bau-1.jpg 480w, https:\/\/rather-depot.de\/wp-content\/uploads\/2024\/11\/Halle-in-Bau-1-300x169.jpg 300w\" sizes=\"auto, (max-width: 480px) 100vw, 480px\" \/><figcaption class=\"wp-element-caption\">Halle in Bau<\/figcaption><\/figure>\n\n\n\n<h4 class=\"wp-block-heading\">Warum kleinere Gewerbefl\u00e4chen?<\/h4>\n\n\n\n<p>Wir haben festgestellt, dass es viele gro\u00dfe Hallen gibt, jedoch kaum moderne Fl\u00e4chen in der Gr\u00f6\u00dfenordnung von 100 bis 120 Quadratmetern mit einer Hochebene. Gerade solche Fl\u00e4chen sind sehr selten und daher besonders gefragt. Mit unserem Projekt m\u00f6chten wir diese L\u00fccke schlie\u00dfen und speziell Fl\u00e4chen dieser Gr\u00f6\u00dfe anbieten.<\/p>\n\n\n\n<h3 class=\"wp-block-heading\">\u00dcber THZ Deutschland GmbH<\/h3>\n\n\n\n<p>Die THZ Deutschland GmbH ist ein innovativer Bautr\u00e4ger und Projektentwickler, der sich auf die Planung und Realisierung hochwertiger Immobilien spezialisiert hat. Ein herausragendes Beispiel f\u00fcr unser Engagement und unsere Kompetenz ist das Neubauprojekt NordApartments in D\u00fcsseldorf-M\u00f6rsenbroich. Hier entstand im Winter 2023\/2024 ein KfW-Effizienzhaus 55 mit 14 Wohnungen, darunter zwei Penthousewohnungen. Durchdachte Grundrisse und lichtdurchflutete R\u00e4ume standen im Mittelpunkt dieses Projekts.<\/p>\n\n\n\n<p>Immobilien sind Vertrauenssache, und das Vertrauen unserer langj\u00e4hrigen Kunden spricht f\u00fcr sich. Wir planen und realisieren auch Ihr neues Zuhause von A bis Z. Bleiben Sie gespannt auf viele weitere Projekte, die in Arbeit sind!<\/p>\n\n\n\n<figure class=\"wp-block-image size-large is-resized\"><img loading=\"lazy\" decoding=\"async\" width=\"1024\" height=\"604\" src=\"https:\/\/rather-depot.de\/wp-content\/uploads\/2024\/11\/Materialanlieferung-1-1024x604.jpg\" alt=\"\" class=\"wp-image-50\" style=\"width:469px;height:auto\" srcset=\"https:\/\/rather-depot.de\/wp-content\/uploads\/2024\/11\/Materialanlieferung-1-1024x604.jpg 1024w, https:\/\/rather-depot.de\/wp-content\/uploads\/2024\/11\/Materialanlieferung-1-300x177.jpg 300w, https:\/\/rather-depot.de\/wp-content\/uploads\/2024\/11\/Materialanlieferung-1-768x453.jpg 768w, https:\/\/rather-depot.de\/wp-content\/uploads\/2024\/11\/Materialanlieferung-1-1536x907.jpg 1536w, https:\/\/rather-depot.de\/wp-content\/uploads\/2024\/11\/Materialanlieferung-1.jpg 1999w\" sizes=\"auto, (max-width: 1024px) 100vw, 1024px\" \/><\/figure>\n\n\n\n<p><\/p>\n","protected":false},"excerpt":{"rendered":"<p>Willkommen auf Rather-D-Depot.de<br \/>Wir freuen uns, Ihnen unser neuestes Projekt im Herzen von D\u00fcsseldorf vorzustellen. Auf einem 3.200 Quadratmeter gro\u00dfen Gewerbegrundst\u00fcck am Rather Broich entstehen moderne Gewerbehallen, die sowohl gemietet als auch gekauft werden k\u00f6nnen. Diese Hallen sind ideal f\u00fcr Unternehmen, die funktionale und hochwertige Gewerbefl\u00e4chen in einer Gr\u00f6\u00dfenordnung von etwa 100 Quadratmetern ben\u00f6tigen.<br \/>Unsere Gewerbehallen:<br \/><strong>Moderne Ausstattung<\/strong>: Jede Halle verf\u00fcgt \u00fcber einen eigenen Starkstromanschluss, eine WC-Anlage, gro\u00dfe Dachluken\/Lichtb\u00e4nder in der Decke und ein gro\u00dfes sektionales Rolltor mit einer H\u00f6he von 4,50 Metern und einer Breite von 3,50 Metern.<br \/><strong>Flexibilit\u00e4t<\/strong>: Es besteht die M\u00f6glichkeit, eine Hochebene in die Halle einzubauen, um den Raum optimal zu nutzen.<br \/><strong>Verf\u00fcgbarkeit<\/strong>: Gewerbehallen k\u00f6nnen entweder gemietet oder gekauft werden.<br \/>Der Name &#8222;Rather-D-Depot.de&#8220; leitet sich von der Lage des Grundst\u00fccks am Rather Broich in D\u00fcsseldorf ab.<br \/>Warum kleinere Gewerbefl\u00e4chen?<br \/>Wir haben festgestellt, dass es viele gro\u00dfe Hallen gibt, jedoch kaum moderne Fl\u00e4chen in der Gr\u00f6\u00dfenordnung von 100 bis 120 Quadratmetern mit einer Hochebene. Gerade solche Fl\u00e4chen sind sehr selten und daher besonders gefragt. Mit unserem Projekt m\u00f6chten wir diese L\u00fccke schlie\u00dfen und speziell Fl\u00e4chen dieser Gr\u00f6\u00dfe anbieten.<br \/>\u00dcber THZ Deutschland GmbH<br \/>Die THZ Deutschland GmbH ist ein innovativer Bautr\u00e4ger und Projektentwickler, der sich auf die Planung und Realisierung hochwertiger Immobilien spezialisiert hat. Ein herausragendes Beispiel f\u00fcr unser Engagement und unsere Kompetenz ist das Neubauprojekt NordApartments in D\u00fcsseldorf-M\u00f6rsenbroich. Hier entstand im Winter 2023\/2024 ein KfW-Effizienzhaus 55 mit 14 Wohnungen, darunter zwei Penthousewohnungen. Durchdachte Grundrisse und lichtdurchflutete R\u00e4ume standen im Mittelpunkt dieses Projekts.<br \/>Immobilien sind Vertrauenssache, und das Vertrauen unserer langj\u00e4hrigen Kunden spricht f\u00fcr sich. Wir planen und realisieren auch Ihr neues Zuhause von A bis Z. Bleiben Sie gespannt auf viele weitere Projekte, die in Arbeit sind!<\/p>\n","protected":false},"author":1,"featured_media":0,"parent":0,"menu_order":0,"comment_status":"closed","ping_status":"closed","template":"","meta":{"footnotes":""},"class_list":["post-29","page","type-page","status-publish","hentry"],"_links":{"self":[{"href":"https:\/\/rather-depot.de\/index.php?rest_route=\/wp\/v2\/pages\/29","targetHints":{"allow":["GET"]}}],"collection":[{"href":"https:\/\/rather-depot.de\/index.php?rest_route=\/wp\/v2\/pages"}],"about":[{"href":"https:\/\/rather-depot.de\/index.php?rest_route=\/wp\/v2\/types\/page"}],"author":[{"embeddable":true,"href":"https:\/\/rather-depot.de\/index.php?rest_route=\/wp\/v2\/users\/1"}],"replies":[{"embeddable":true,"href":"https:\/\/rather-depot.de\/index.php?rest_route=%2Fwp%2Fv2%2Fcomments&post=29"}],"version-history":[{"count":14,"href":"https:\/\/rather-depot.de\/index.php?rest_route=\/wp\/v2\/pages\/29\/revisions"}],"predecessor-version":[{"id":82,"href":"https:\/\/rather-depot.de\/index.php?rest_route=\/wp\/v2\/pages\/29\/revisions\/82"}],"wp:attachment":[{"href":"https:\/\/rather-depot.de\/index.php?rest_route=%2Fwp%2Fv2%2Fmedia&parent=29"}],"curies":[{"name":"wp","href":"https:\/\/api.w.org\/{rel}","templated":true}]}}