{"id":10,"date":"2024-11-16T22:12:31","date_gmt":"2024-11-16T21:12:31","guid":{"rendered":"https:\/\/rather-depot.de\/?page_id=10"},"modified":"2024-11-16T22:13:55","modified_gmt":"2024-11-16T21:13:55","slug":"impressum","status":"publish","type":"page","link":"https:\/\/rather-depot.de\/?page_id=10","title":{"rendered":"Impressum"},"content":{"rendered":"<div class=\"wp-block-post-excerpt\"><p class=\"wp-block-post-excerpt__excerpt\"><\/p><p class=\"wp-block-post-excerpt__more-text\"><a class=\"wp-block-post-excerpt__more-link\" href=\"https:\/\/rather-depot.de\/?page_id=10\">IMPRESSUM<br><strong>THZ Deutschland GmbH<br><\/strong>Wielandstr. 12<br>40211 D\u00fcsseldorf<br><br>Tel: +49 211-99619826<br>Fax: +49 211-99619825<br><br><strong>Vertretungsberechtige Gesch\u00e4ftsf\u00fchrerin:<\/strong><br>Zhuangzhuang Guo-Penka<br><br><strong>Zust\u00e4ndige Aufsichtsbeh\u00f6rde:<\/strong><br>Gewerbe- und Ordnungsamt D\u00fcsseldorf<br>Landeshauptstadt D\u00fcsseldorf<br>Worringer Strasse 111<br>40210 D\u00fcsseldorf<br><br>Bautr\u00e4ger nach\u00a0<a href=\"http:\/\/bundesrecht.juris.de\/bundesrecht\/gewo\/__34c.html\" target=\"_blank\" rel=\"noreferrer noopener\">\u00a7 34 c Gewerbeordnung<\/a><br>Amtsgericht D\u00fcsseldorf HRB-Nr. 53628<br>Umsatzsteuer-Identifikationsnummer gem. \u00a7 27a UStG: DE 245878018<br><strong>Haftungshinweis, Externe Links:<\/strong><br>Trotz sorgf\u00e4ltiger inhaltlicher Kontrolle \u00fcbernehmen wir keine Haftung f\u00fcr Inhalte externer Links. F\u00fcr den Inhalt der verlinkten Seiten sind ausschlie\u00dflich deren Betreiber verantwortlich.<br><strong><br>Urheberrechtshinweise:<\/strong><br>Alle auf dieser Website ver\u00f6ffentlichten Beitr\u00e4ge und Abbildungen sind urheberrechtlich gesch\u00fctzt. Jede vom Urheberrechtsgesetz nicht zugelassene Verwertung bedarf vorheriger schriftlicher Zustimmung der Anbieter. Dies gilt insbesondere f\u00fcr Vervielf\u00e4ltigung, Bearbeitung, \u00dcbersetzung, Einspeicherung, Verarbeitung bzw. Wiedergabe von Inhalten in Datenbanken oder anderen elektronischen Medien und Systemen. Fotokopien und Downloads von Web-Seiten d\u00fcrfen nur f\u00fcr den pers\u00f6nlichen, privaten und nicht kommerziellen Gebrauch hergestellt werden.<br><strong><br>Unverbindlichkeit der Informationen:<\/strong><br>Die Inhalte dieser Website werden mit gr\u00f6\u00dftm\u00f6glicher Sorgfalt recherchiert. Gleichwohl \u00fcbernimmt der Anbieter keine Haftung f\u00fcr die Richtigkeit, Vollst\u00e4ndigkeit und Aktualit\u00e4t der bereitgestellten Informationen. Die Beitr\u00e4ge geben die Meinung des jeweiligen Autors wieder.<br>Unverbindlichkeit von Ausk\u00fcnften:<br>Die Informationen, die auf dieser Website bereitgestellt werden, sind allgemeiner Art und sind unverbindlich.<br><strong><br>Kommunikation \u00fcber eMail:<\/strong><br>Eine Kommunikation via eMail kann Sicherheitsl\u00fccken aufweisen. Beispielsweise k\u00f6nnen eMails auf ihrem Weg an die Mitarbeiter unseres Unternehmens oder an unsere Netzwerkpartner von versierten Internet-Nutzern aufgehalten und eingesehen werden. Sollten wir eine eMail von Ihnen erhalten, so gehen wir davon aus, dass wir zu einer Beantwortung per eMail berechtigt sind. Ansonsten m\u00fcssen Sie ausdr\u00fccklich auf eine andere Art der Kommunikation verweisen. Eine Verschl\u00fcsselung der Nachrichten mit g\u00e4ngigen Verschl\u00fcsselungsstandards (z.B. PGP) erfolgt nur auf ausdr\u00fccklichen Wunsch nach Best\u00e4tigung.<br><strong><br>Datenschutzhinweis:<\/strong><br>Alle auf dieser Website genannten Personen widersprechen hiermit jeder kommerziellen Verwendung und Weitergabe ihrer Daten (vgl. \u00a7 28 BDSG).<br>All persons who are mentioned on this website strongly object any use and circulation of their addresses for commercial purposes (\u00a7 28 of the German Federal Law on the Protection of Privacy).<\/a><\/p><\/div>\n\n\n<p><\/p>\n","protected":false},"excerpt":{"rendered":"","protected":false},"author":1,"featured_media":0,"parent":0,"menu_order":0,"comment_status":"closed","ping_status":"closed","template":"","meta":{"footnotes":""},"class_list":["post-10","page","type-page","status-publish","hentry"],"_links":{"self":[{"href":"https:\/\/rather-depot.de\/index.php?rest_route=\/wp\/v2\/pages\/10","targetHints":{"allow":["GET"]}}],"collection":[{"href":"https:\/\/rather-depot.de\/index.php?rest_route=\/wp\/v2\/pages"}],"about":[{"href":"https:\/\/rather-depot.de\/index.php?rest_route=\/wp\/v2\/types\/page"}],"author":[{"embeddable":true,"href":"https:\/\/rather-depot.de\/index.php?rest_route=\/wp\/v2\/users\/1"}],"replies":[{"embeddable":true,"href":"https:\/\/rather-depot.de\/index.php?rest_route=%2Fwp%2Fv2%2Fcomments&post=10"}],"version-history":[{"count":2,"href":"https:\/\/rather-depot.de\/index.php?rest_route=\/wp\/v2\/pages\/10\/revisions"}],"predecessor-version":[{"id":14,"href":"https:\/\/rather-depot.de\/index.php?rest_route=\/wp\/v2\/pages\/10\/revisions\/14"}],"wp:attachment":[{"href":"https:\/\/rather-depot.de\/index.php?rest_route=%2Fwp%2Fv2%2Fmedia&parent=10"}],"curies":[{"name":"wp","href":"https:\/\/api.w.org\/{rel}","templated":true}]}}